{"id":9829,"date":"2015-10-05T08:26:41","date_gmt":"2015-10-05T08:26:41","guid":{"rendered":"https:\/\/enotraspalabras.es\/politica-de-cookies\/"},"modified":"2024-11-11T11:52:03","modified_gmt":"2024-11-11T11:52:03","slug":"cookie-policy","status":"publish","type":"page","link":"https:\/\/enotraspalabras.es\/en\/cookie-policy\/","title":{"rendered":"Politica de cookies"},"content":{"rendered":"<p>&nbsp;<\/p>\n<p style=\"text-align: justify;\">On the <strong class=\"verdecillo\">enotraspalabras.es<\/strong> website we use cookies in order to provide a better service and a better browsing experience. We want to inform you clearly and precisely about the cookies we use, detailing below what a cookie is, what it is used for, what types of cookies we use, what their purpose is and how you can configure or disable them.<\/p>\n<h3 style=\"text-align: justify;\">Definition and function of cookies<\/h3>\n<p style=\"text-align: justify;\">What are cookies? A cookie is a file that is downloaded to your computer when you access certain websites. Cookies allow a website, among other things, to store and retrieve information about the browsing habits of a user or their computer and, depending on the information they contain and the way you use your computer, they can be used to recognise the user.<\/p>\n<h3 style=\"text-align: justify;\">What types of cookies does this website use?<\/h3>\n<p style=\"text-align: justify;\">Depending on the entity that manages it:<\/p>\n<ul class=\"tics-verde\" style=\"color: #6e6e6e; line-height: 1.8em; text-align: justify;\">\n<li><em>Own Cookies<\/em>: These are those that are sent to your computer from our own equipment or domains and from which we provide the service you request.<\/li>\n<li><em>Third-party cookies<\/em>: Third-party cookies: These are those that are sent to the user&#8217;s terminal equipment from a computer or domain that is not managed by us, but by another entity (google&#8230;) that processes the data obtained through the cookies.<\/li>\n<\/ul>\n<p style=\"text-align: justify;\">Depending on the length of time they remain activated:<\/p>\n<ul class=\"tics-verde\" style=\"color: #6e6e6e; line-height: 1.8em; text-align: justify;\">\n<li><em>Session cookies<\/em>: These are temporary cookies that remain in the cookie file of your browser until you leave the website, so that none is recorded on the hard drive of your computer. The information obtained through these cookies is used to analyse web traffic patterns. In the long run, this allows us to provide a better experience to improve the content and facilitate its use.<\/li>\n<li><em>Persistent cookies<\/em>: these are stored on your hard drive and our website reads them each time you visit our site. A persistent website has a specific expiry date. The cookie will stop working after that date. We generally use these cookies to facilitate the purchase and registration services.<\/li>\n<\/ul>\n<p style=\"text-align: justify;\">Depending on the purpose:<\/p>\n<ul class=\"tics-verde\" style=\"color: #6e6e6e; line-height: 1.8em;\">\n<li style=\"text-align: justify;\"><em>Analysis Cookies<\/em>: These are those that allow us to quantify the number of users and thus carry out the measurement and statistical analysis of the use made by users of the services provided. To do this, your browsing on our website is analysed in order to improve the offer.<\/li>\n<li style=\"text-align: justify;\"><em>Technical cookies<\/em>: These are necessary for browsing and the proper functioning of our website. They allow, for example, to control traffic and data communication, access restricted areas, carry out the purchase process of an order, use security elements, store content to be able to broadcast videos or share content through social networks.<\/li>\n<li style=\"text-align: justify;\"><em>Personalisation cookies<\/em>: These cookies allow you to access the service with predefined characteristics according to a series of criteria, such as language, the type of browser used to access the service, the regional configuration from which the service is accessed, etc.<\/li>\n<\/ul>\n<p>Purpose of each of the cookies used on the website enotraspalabras.es<\/p>\n<div class=\"styled_table table-blue styled_table\">\n<table class=\"table\" style=\"font-size: 13px;\">\n<thead>\n<tr>\n<th>COOKIE NAME<\/th>\n<th>SERVER FROM WHICH IT IS SENT<\/th>\n<th>PURPOSE<\/th>\n<th>OWN\/THIRD PARTY<\/th>\n<th>EXCLUDED *<\/th>\n<\/tr>\n<\/thead>\n<tbody>\n<tr>\n<td>viewed_cookie_policy<\/td>\n<td>enotraspalabras.es<\/td>\n<td>Technical\/Strictly necessary<\/td>\n<td>Own<\/td>\n<td>YES<\/td>\n<\/tr>\n<tr>\n<td>wordpress_test_cookie<\/td>\n<td>enotraspalabras.es<\/td>\n<td>Technical\/Strictly necessary<\/td>\n<td>Own<\/td>\n<td>YES<\/td>\n<\/tr>\n<tr>\n<td>wordpress_<\/td>\n<td>enotraspalabras.es<\/td>\n<td>Technical\/Strictly necessary<\/td>\n<td>Own<\/td>\n<td>YES<\/td>\n<\/tr>\n<tr>\n<td>CookieConsent<\/td>\n<td>enotraspalabras.es<\/td>\n<td>Technical\/Strictly necessary<\/td>\n<td>Own<\/td>\n<td>YES<\/td>\n<\/tr>\n<tr>\n<td>VISITOR_INFO1_LIVE<\/td>\n<td>enotraspalabras.es<\/td>\n<td>Technical\/Strictly necessary<\/td>\n<td>Own<\/td>\n<td>YES<\/td>\n<\/tr>\n<tr>\n<td>__utmt_unity<\/td>\n<td>enotraspalabras.es<\/td>\n<td>Technical\/Strictly necessary<\/td>\n<td>Own<\/td>\n<td>YES<\/td>\n<\/tr>\n<tr>\n<td>wc_fragments<\/td>\n<td>enotraspalabras.es<\/td>\n<td>Technical\/Strictly necessary<\/td>\n<td>Own<\/td>\n<td>YES<\/td>\n<\/tr>\n<tr>\n<td>wc_cart_hash<\/td>\n<td>enotraspalabras.es<\/td>\n<td>Technical\/Strictly necessary<\/td>\n<td>Own<\/td>\n<td>YES<\/td>\n<\/tr>\n<tr>\n<td>wp_settings-1<\/td>\n<td>enotraspalabras.es<\/td>\n<td>Technical\/Strictly necessary<\/td>\n<td>Own<\/td>\n<td>YES<\/td>\n<\/tr>\n<tr>\n<td>wp_settings-time-1<\/td>\n<td>enotraspalabras.es<\/td>\n<td>Technical\/Strictly necessary<\/td>\n<td>Own<\/td>\n<td>YES<\/td>\n<\/tr>\n<tr>\n<td>wp_saving-post<\/td>\n<td>enotraspalabras.es<\/td>\n<td>Technical\/Strictly necessary<\/td>\n<td>Propia<\/td>\n<td>YES<\/td>\n<\/tr>\n<tr>\n<td>yt-remote-connected-devices<\/td>\n<td>enotraspalabras.es<\/td>\n<td>Technical\/Strictly necessary<\/td>\n<td>Own<\/td>\n<td>YES<\/td>\n<\/tr>\n<tr>\n<td>yt-remote-online-screens<\/td>\n<td>enotraspalabras.es<\/td>\n<td>Technical\/Strictly necessary<\/td>\n<td>Own<\/td>\n<td>YES<\/td>\n<\/tr>\n<tr>\n<td>yt-remote-device-id<\/td>\n<td>enotraspalabras.es<\/td>\n<td>Technical\/Strictly necessary<\/td>\n<td>Own<\/td>\n<td>YES<\/td>\n<\/tr>\n<tr>\n<td>yt-remote-cast-installed<\/td>\n<td>enotraspalabras.es<\/td>\n<td>Technical\/Strictly necessary<\/td>\n<td>Own<\/td>\n<td>YES<\/td>\n<\/tr>\n<tr>\n<td>yt-remote-fast-check-period<\/td>\n<td>enotraspalabras.es<\/td>\n<td>Technical\/Strictly necessary<\/td>\n<td>Own<\/td>\n<td>YES<\/td>\n<\/tr>\n<tr>\n<td>yt-remote-session-app<\/td>\n<td>enotraspalabras.es<\/td>\n<td>Technical\/Strictly necessary<\/td>\n<td>Own<\/td>\n<td>YES<\/td>\n<\/tr>\n<tr>\n<td>yt-remote-session-name<\/td>\n<td>enotraspalabras.es<\/td>\n<td>Technical\/Strictly necessary<\/td>\n<td>Own<\/td>\n<td>YES<\/td>\n<\/tr>\n<tr>\n<td>_gat<\/td>\n<td>www.google.es<\/td>\n<td>Analytics<\/td>\n<td>Third party\/Google<\/td>\n<td>YES<\/td>\n<\/tr>\n<tr>\n<td>__utma<\/td>\n<td>www.google.es<\/td>\n<td>Analytics<\/td>\n<td>Third party\/Google<\/td>\n<td>YES<\/td>\n<\/tr>\n<tr>\n<td>__utmb<\/td>\n<td>www.google.es<\/td>\n<td>Analytics<\/td>\n<td>Third party\/Google<\/td>\n<td>YES<\/td>\n<\/tr>\n<tr>\n<td>__utmc<\/td>\n<td>www.google.es<\/td>\n<td>Analytics<\/td>\n<td>Third party\/Google<\/td>\n<td>YES<\/td>\n<\/tr>\n<tr>\n<td>__utmz<\/td>\n<td>www.google.es<\/td>\n<td>Analytics<\/td>\n<td>Third party\/Google<\/td>\n<td>YES<\/td>\n<\/tr>\n<\/tbody>\n<\/table>\n<\/div>\n<p><span style=\"color: #ff0000;\">* Excluidas o no excluidas del deber de informaci\u00f3n y obtenci\u00f3n del consentimiento<\/span><\/p>\n<h4>Terceros prestadores de servicios<\/h4>\n<p>Relaci\u00f3n de terceros prestadores de servicios de cookies en el dominio enotraspalabras.es<\/p>\n<div class=\"styled_table table-success styled_table\">\n<table class=\"table\">\n<thead>\n<tr>\n<th>PROVEEDOR<\/th>\n<th>FINALIDAD<\/th>\n<th>DESCRIPCI\u00d3N<\/th>\n<th>M\u00c1S INFORMACI\u00d3N<\/th>\n<\/tr>\n<\/thead>\n<tbody>\n<tr>\n<td>GOOGLE<\/td>\n<td>AN\u00c1LITICAS<\/td>\n<td>Cookies de Google Analytics. Generan un ID de usuario an\u00f3nimo, que es el que se utiliza para hacer recuento de cuantas veces visita el sitio un usuario. Tambi\u00e9n registra cuando fue la primera y la \u00faltima vez que visit\u00f3 la web. Asimismo, calcula cuando se ha terminado una sesi\u00f3n, origen del usuario, y keywords.<\/td>\n<td>M\u00c1S INFORMACI\u00d3N<\/p>\n<p>(linkado a: <a href=\"https:\/\/developers.google.com\/analytics\/devguides\/collection\/analyticsjs\/cookie-usage\" target=\"_blank\" rel=\"noopener\">https:\/\/developers.google.com\/analytics\/<br \/>\ndevguides\/collection\/analyticsjs\/cookie-usage<\/a>)<\/td>\n<\/tr>\n<tr>\n<td>YOUTUBE<\/td>\n<td>AN\u00c1LITICAS<\/td>\n<td>Cookies de YouTube. Generan un ID de usuario an\u00f3nimo, que es el que se utiliza para hacer recuento de cuantas veces visita el sitio un usuario. Tambi\u00e9n registra cuando fue la primera y la \u00faltima vez que visit\u00f3 la web. Asimismo, calcula cuando se ha terminado una sesi\u00f3n, origen del usuario, y keywords.<\/td>\n<td>M\u00c1S INFORMACI\u00d3N<\/p>\n<p>(linkado a: <a href=\"https:\/\/developers.google.com\/analytics\/devguides\/collection\/analyticsjs\/cookie-usage\" target=\"_blank\" rel=\"noopener\">https:\/\/developers.google.com\/<br \/>\nanalytics\/devguides\/collection<br \/>\n\/analyticsjs\/cookie-usage<\/a>)<\/td>\n<\/tr>\n<\/tbody>\n<\/table>\n<\/div>\n<h3>\u00bfC\u00f3mo puede configurar o deshabilitar sus cookies?<\/h3>\n<p>Puede permitir, bloquear o eliminar las cookies instaladas en su equipo mediante la configuraci\u00f3n de las opciones de su navegador de Internet. En caso de que no permita la instalaci\u00f3n de cookies en su navegador es posible que no pueda acceder a algunos de los servicios y que su experiencia en nuestra web pueda resultar menos satisfactoria. En los siguientes enlaces tiene a su disposici\u00f3n toda la informaci\u00f3n para configurar o deshabilitar sus cookies en cada navegador:<\/p>\n<ul class=\"tics-verde\" style=\"color: #6e6e6e; line-height: 1.8em;\">\n<li><a href=\"http:\/\/support.google.com\/chrome\/answer\/95647?hl=es\" target=\"_blank\" rel=\"nofollow noopener\">Google Chrome (http:\/\/support.google.com\/chrome\/answer\/95647?hl=es)<\/a><\/li>\n<li><a href=\"http:\/\/support.mozilla.org\/es\/kb\/habilitar-y-deshabilitar-cookies-que-los-sitios-we\" target=\"_blank\" rel=\"nofollow noopener\">Mozilla Firefox (http:\/\/support.mozilla.org\/es\/kb\/habilitar-y-deshabilitar-cookies-que-los-sitios-we)<\/a><\/li>\n<li><a href=\"http:\/\/windows.microsoft.com\/es-es\/windows-vista\/block-or-allow-cookies\" target=\"_blank\" rel=\"nofollow noopener\">Internet Explorer (http:\/\/windows.microsoft.com\/es-es\/windows-vista\/block-or-allow-cookies)<\/a><\/li>\n<li><a href=\"http:\/\/support.apple.com\/kb\/ht1677?viewlocale=es_es\" target=\"_blank\" rel=\"nofollow noopener\">Safari para IOS (iPhone y iPad) (http:\/\/support.apple.com\/kb\/ht1677?viewlocale=es_es)<\/a><\/li>\n<li><a href=\"http:\/\/support.apple.com\/kb\/ph5042?viewlocale=es_es\" target=\"_blank\" rel=\"nofollow noopener\">Safari (http:\/\/support.apple.com\/kb\/ph5042?viewlocale=es_es)<\/a><\/li>\n<li><a href=\"http:\/\/support.google.com\/chrome\/answer\/2392971?hl=es\" target=\"_blank\" rel=\"nofollow noopener\">Chrome para Android (http:\/\/support.google.com\/chrome\/answer\/2392971?hl=es)<\/a><\/li>\n<\/ul>\n<p>&nbsp;<\/p>\n<h3>Consentimiento<\/h3>\n<p>Al navegar y continuar en nuestra web nos indica que est\u00e1 consintiendo el uso de las cookies antes enunciadas, y en las condiciones contenidas en la presente Pol\u00edtica de Cookies.<\/p>\n","protected":false},"excerpt":{"rendered":"<p>&nbsp; On the enotraspalabras.es website we use cookies in order to provide a better service and a better browsing experience. [&hellip;]<\/p>\n","protected":false},"author":1,"featured_media":0,"parent":0,"menu_order":0,"comment_status":"closed","ping_status":"open","template":"","meta":{"site-sidebar-layout":"default","site-content-layout":"","ast-site-content-layout":"default","site-content-style":"default","site-sidebar-style":"default","ast-global-header-display":"","ast-banner-title-visibility":"","ast-main-header-display":"","ast-hfb-above-header-display":"","ast-hfb-below-header-display":"","ast-hfb-mobile-header-display":"","site-post-title":"","ast-breadcrumbs-content":"","ast-featured-img":"","footer-sml-layout":"","theme-transparent-header-meta":"","adv-header-id-meta":"","stick-header-meta":"","header-above-stick-meta":"","header-main-stick-meta":"","header-below-stick-meta":"","astra-migrate-meta-layouts":"default","ast-page-background-enabled":"default","ast-page-background-meta":{"desktop":{"background-color":"var(--ast-global-color-4)","background-image":"","background-repeat":"repeat","background-position":"center center","background-size":"auto","background-attachment":"scroll","background-type":"","background-media":"","overlay-type":"","overlay-color":"","overlay-opacity":"","overlay-gradient":""},"tablet":{"background-color":"","background-image":"","background-repeat":"repeat","background-position":"center center","background-size":"auto","background-attachment":"scroll","background-type":"","background-media":"","overlay-type":"","overlay-color":"","overlay-opacity":"","overlay-gradient":""},"mobile":{"background-color":"","background-image":"","background-repeat":"repeat","background-position":"center center","background-size":"auto","background-attachment":"scroll","background-type":"","background-media":"","overlay-type":"","overlay-color":"","overlay-opacity":"","overlay-gradient":""}},"ast-content-background-meta":{"desktop":{"background-color":"var(--ast-global-color-5)","background-image":"","background-repeat":"repeat","background-position":"center center","background-size":"auto","background-attachment":"scroll","background-type":"","background-media":"","overlay-type":"","overlay-color":"","overlay-opacity":"","overlay-gradient":""},"tablet":{"background-color":"var(--ast-global-color-5)","background-image":"","background-repeat":"repeat","background-position":"center center","background-size":"auto","background-attachment":"scroll","background-type":"","background-media":"","overlay-type":"","overlay-color":"","overlay-opacity":"","overlay-gradient":""},"mobile":{"background-color":"var(--ast-global-color-5)","background-image":"","background-repeat":"repeat","background-position":"center center","background-size":"auto","background-attachment":"scroll","background-type":"","background-media":"","overlay-type":"","overlay-color":"","overlay-opacity":"","overlay-gradient":""}},"footnotes":""},"class_list":["post-9829","page","type-page","status-publish","hentry"],"yoast_head":"<!-- This site is optimized with the Yoast SEO plugin v26.9 - https:\/\/yoast.com\/product\/yoast-seo-wordpress\/ -->\n<title>Cookie policy<\/title>\n<meta name=\"description\" content=\"Please read the cookie policy of the translation agency EN OTRAS PALABRAS, so that you can give your consent or configure or disable cookies.\" \/>\n<meta name=\"robots\" content=\"index, follow, max-snippet:-1, max-image-preview:large, max-video-preview:-1\" \/>\n<link rel=\"canonical\" href=\"https:\/\/enotraspalabras.es\/politica-de-cookies\/\" \/>\n<meta property=\"og:locale\" content=\"en_US\" \/>\n<meta property=\"og:type\" content=\"article\" \/>\n<meta property=\"og:title\" content=\"Cookie policy\" \/>\n<meta property=\"og:description\" content=\"Please read the cookie policy of the translation agency EN OTRAS PALABRAS, so that you can give your consent or configure or disable cookies.\" \/>\n<meta property=\"og:url\" content=\"https:\/\/enotraspalabras.es\/politica-de-cookies\/\" \/>\n<meta property=\"og:site_name\" content=\"En otras palabras\" \/>\n<meta property=\"article:modified_time\" content=\"2024-11-11T11:52:03+00:00\" \/>\n<meta name=\"twitter:card\" content=\"summary_large_image\" \/>\n<meta name=\"twitter:label1\" content=\"Est. reading time\" \/>\n\t<meta name=\"twitter:data1\" content=\"5 minutes\" \/>\n<script type=\"application\/ld+json\" class=\"yoast-schema-graph\">{\"@context\":\"https:\/\/schema.org\",\"@graph\":[{\"@type\":\"WebPage\",\"@id\":\"https:\/\/enotraspalabras.es\/politica-de-cookies\/\",\"url\":\"https:\/\/enotraspalabras.es\/politica-de-cookies\/\",\"name\":\"Cookie policy\",\"isPartOf\":{\"@id\":\"https:\/\/enotraspalabras.es\/#website\"},\"datePublished\":\"2015-10-05T08:26:41+00:00\",\"dateModified\":\"2024-11-11T11:52:03+00:00\",\"description\":\"Please read the cookie policy of the translation agency EN OTRAS PALABRAS, so that you can give your consent or configure or disable cookies.\",\"breadcrumb\":{\"@id\":\"https:\/\/enotraspalabras.es\/politica-de-cookies\/#breadcrumb\"},\"inLanguage\":\"en-US\",\"potentialAction\":[{\"@type\":\"ReadAction\",\"target\":[\"https:\/\/enotraspalabras.es\/politica-de-cookies\/\"]}]},{\"@type\":\"BreadcrumbList\",\"@id\":\"https:\/\/enotraspalabras.es\/politica-de-cookies\/#breadcrumb\",\"itemListElement\":[{\"@type\":\"ListItem\",\"position\":1,\"name\":\"Home\",\"item\":\"https:\/\/enotraspalabras.es\/en\/\"},{\"@type\":\"ListItem\",\"position\":2,\"name\":\"Politica de cookies\"}]},{\"@type\":\"WebSite\",\"@id\":\"https:\/\/enotraspalabras.es\/#website\",\"url\":\"https:\/\/enotraspalabras.es\/\",\"name\":\"En otras palabras\",\"description\":\"\",\"publisher\":{\"@id\":\"https:\/\/enotraspalabras.es\/#organization\"},\"potentialAction\":[{\"@type\":\"SearchAction\",\"target\":{\"@type\":\"EntryPoint\",\"urlTemplate\":\"https:\/\/enotraspalabras.es\/?s={search_term_string}\"},\"query-input\":{\"@type\":\"PropertyValueSpecification\",\"valueRequired\":true,\"valueName\":\"search_term_string\"}}],\"inLanguage\":\"en-US\"},{\"@type\":\"Organization\",\"@id\":\"https:\/\/enotraspalabras.es\/#organization\",\"name\":\"En otras palabras\",\"url\":\"https:\/\/enotraspalabras.es\/\",\"logo\":{\"@type\":\"ImageObject\",\"inLanguage\":\"en-US\",\"@id\":\"https:\/\/enotraspalabras.es\/#\/schema\/logo\/image\/\",\"url\":\"https:\/\/enotraspalabras.es\/wp-content\/uploads\/2015\/06\/cropped-logo2-01.png\",\"contentUrl\":\"https:\/\/enotraspalabras.es\/wp-content\/uploads\/2015\/06\/cropped-logo2-01.png\",\"width\":536,\"height\":113,\"caption\":\"En otras palabras\"},\"image\":{\"@id\":\"https:\/\/enotraspalabras.es\/#\/schema\/logo\/image\/\"}}]}<\/script>\n<!-- \/ Yoast SEO plugin. -->","yoast_head_json":{"title":"Cookie policy","description":"Please read the cookie policy of the translation agency EN OTRAS PALABRAS, so that you can give your consent or configure or disable cookies.","robots":{"index":"index","follow":"follow","max-snippet":"max-snippet:-1","max-image-preview":"max-image-preview:large","max-video-preview":"max-video-preview:-1"},"canonical":"https:\/\/enotraspalabras.es\/politica-de-cookies\/","og_locale":"en_US","og_type":"article","og_title":"Cookie policy","og_description":"Please read the cookie policy of the translation agency EN OTRAS PALABRAS, so that you can give your consent or configure or disable cookies.","og_url":"https:\/\/enotraspalabras.es\/politica-de-cookies\/","og_site_name":"En otras palabras","article_modified_time":"2024-11-11T11:52:03+00:00","twitter_card":"summary_large_image","twitter_misc":{"Est. reading time":"5 minutes"},"schema":{"@context":"https:\/\/schema.org","@graph":[{"@type":"WebPage","@id":"https:\/\/enotraspalabras.es\/politica-de-cookies\/","url":"https:\/\/enotraspalabras.es\/politica-de-cookies\/","name":"Cookie policy","isPartOf":{"@id":"https:\/\/enotraspalabras.es\/#website"},"datePublished":"2015-10-05T08:26:41+00:00","dateModified":"2024-11-11T11:52:03+00:00","description":"Please read the cookie policy of the translation agency EN OTRAS PALABRAS, so that you can give your consent or configure or disable cookies.","breadcrumb":{"@id":"https:\/\/enotraspalabras.es\/politica-de-cookies\/#breadcrumb"},"inLanguage":"en-US","potentialAction":[{"@type":"ReadAction","target":["https:\/\/enotraspalabras.es\/politica-de-cookies\/"]}]},{"@type":"BreadcrumbList","@id":"https:\/\/enotraspalabras.es\/politica-de-cookies\/#breadcrumb","itemListElement":[{"@type":"ListItem","position":1,"name":"Home","item":"https:\/\/enotraspalabras.es\/en\/"},{"@type":"ListItem","position":2,"name":"Politica de cookies"}]},{"@type":"WebSite","@id":"https:\/\/enotraspalabras.es\/#website","url":"https:\/\/enotraspalabras.es\/","name":"En otras palabras","description":"","publisher":{"@id":"https:\/\/enotraspalabras.es\/#organization"},"potentialAction":[{"@type":"SearchAction","target":{"@type":"EntryPoint","urlTemplate":"https:\/\/enotraspalabras.es\/?s={search_term_string}"},"query-input":{"@type":"PropertyValueSpecification","valueRequired":true,"valueName":"search_term_string"}}],"inLanguage":"en-US"},{"@type":"Organization","@id":"https:\/\/enotraspalabras.es\/#organization","name":"En otras palabras","url":"https:\/\/enotraspalabras.es\/","logo":{"@type":"ImageObject","inLanguage":"en-US","@id":"https:\/\/enotraspalabras.es\/#\/schema\/logo\/image\/","url":"https:\/\/enotraspalabras.es\/wp-content\/uploads\/2015\/06\/cropped-logo2-01.png","contentUrl":"https:\/\/enotraspalabras.es\/wp-content\/uploads\/2015\/06\/cropped-logo2-01.png","width":536,"height":113,"caption":"En otras palabras"},"image":{"@id":"https:\/\/enotraspalabras.es\/#\/schema\/logo\/image\/"}}]}},"_links":{"self":[{"href":"https:\/\/enotraspalabras.es\/en\/wp-json\/wp\/v2\/pages\/9829","targetHints":{"allow":["GET"]}}],"collection":[{"href":"https:\/\/enotraspalabras.es\/en\/wp-json\/wp\/v2\/pages"}],"about":[{"href":"https:\/\/enotraspalabras.es\/en\/wp-json\/wp\/v2\/types\/page"}],"author":[{"embeddable":true,"href":"https:\/\/enotraspalabras.es\/en\/wp-json\/wp\/v2\/users\/1"}],"replies":[{"embeddable":true,"href":"https:\/\/enotraspalabras.es\/en\/wp-json\/wp\/v2\/comments?post=9829"}],"version-history":[{"count":1,"href":"https:\/\/enotraspalabras.es\/en\/wp-json\/wp\/v2\/pages\/9829\/revisions"}],"predecessor-version":[{"id":9831,"href":"https:\/\/enotraspalabras.es\/en\/wp-json\/wp\/v2\/pages\/9829\/revisions\/9831"}],"wp:attachment":[{"href":"https:\/\/enotraspalabras.es\/en\/wp-json\/wp\/v2\/media?parent=9829"}],"curies":[{"name":"wp","href":"https:\/\/api.w.org\/{rel}","templated":true}]}}